{"id":81,"date":"2018-11-14T12:14:32","date_gmt":"2018-11-14T09:14:32","guid":{"rendered":"http:\/\/www.ted.com.tr\/?page_id=81"},"modified":"2021-07-14T17:41:09","modified_gmt":"2021-07-14T14:41:09","slug":"projeler","status":"publish","type":"page","link":"https:\/\/www.ted.com.tr\/index.php\/hakkimizda\/projeler\/","title":{"rendered":"Projeler"},"content":{"rendered":"\n<div class=\"wp-block-columns is-layout-flex wp-container-core-columns-is-layout-9d6595d7 wp-block-columns-is-layout-flex\">\n<div class=\"wp-block-column is-layout-flow wp-block-column-is-layout-flow\" style=\"flex-basis:100%\">\n<div class=\"wp-block-columns is-layout-flex wp-container-core-columns-is-layout-9d6595d7 wp-block-columns-is-layout-flex\">\n<div class=\"wp-block-column is-layout-flow wp-block-column-is-layout-flow\" style=\"flex-basis:100%\">\n<div class=\"wp-block-columns is-layout-flex wp-container-core-columns-is-layout-9d6595d7 wp-block-columns-is-layout-flex\">\n<div class=\"wp-block-column is-layout-flow wp-block-column-is-layout-flow\" style=\"flex-basis:100%\">\n<div class=\"wp-block-columns is-layout-flex wp-container-core-columns-is-layout-9d6595d7 wp-block-columns-is-layout-flex\">\n<div class=\"wp-block-column is-layout-flow wp-block-column-is-layout-flow\" style=\"flex-basis:100%\">\n<ul>\n<li>\u0130ZKA PORT CEPHE AYDINLATMA<\/li>\n<li>\u0130ZKA PARKYA\u015eAM SANTORON\u0130 CEPHE AYDINLATMA<\/li>\n<li>\u0130ZKA PARKYA\u015eAM SANTORON\u0130 PEYZAJ AYDINLATMASI<\/li>\n<li>\u0130ZKA PARKYA\u015eAM SANTORON\u0130 \u0130\u00c7 HAC\u0130M AYDINLATMASI<\/li>\n<li>ALMANYA REYNA PALACE GECE KL\u00dcB\u00dc AYDINLATMASI<\/li>\n<li>\u00d6ZG\u00dcR TARIM FABR\u0130KA PEYZAJ AYDINLATMASI<\/li>\n<li>DEV\u0130REN \u0130N\u015eAAT B\u0130NA CEPHE AYDINLATMASI<\/li>\n<li>\u00c7E\u015eME SERRA HOMMES V\u0130LLALARI CEPHE VE PEYZAJ AYDINLATMASI<\/li>\n<li>YAZICIO\u011eLU OTELLER GRUBU<\/li>\n<li>CAR\u0130SMA DELUXE OTEL<\/li>\n<li>KORUMAR OTEL<\/li>\n<li>\u00c7E\u015eME ILICA OTEL<\/li>\n<li>AYDIN VAL\u0130L\u0130\u011e\u0130 ADNAN MENDERES M\u00dcZES\u0130 PEYZAJ AYDINLATMASI<\/li>\n<li>\u0130ZM\u0130R B\u00dcY\u00dcK\u015eEH\u0130R BELED\u0130YES\u0130 MUHTEL\u0130F AYDINLATMA VE OTOMASYON S\u0130STEMLER\u0130<\/li>\n<li>TORBALI BELED\u0130YES\u0130 MUHTEL\u0130F AYDINLATMA VE OTOMASYON S\u0130STEMLER\u0130<\/li>\n<li>KARABA\u011eLAR BELED\u0130YES\u0130 MUHTEL\u0130F AYDINLATMA VE OTOMASYON S\u0130STEMLER\u0130<\/li>\n<li>KONAK BELED\u0130YES\u0130 MUHTEL\u0130F AYDINLATMA VE OTOMASYON S\u0130STEMLER\u0130<\/li>\n<li>KAR\u015eIYAKA BELED\u0130YES\u0130 MUHTEL\u0130F AYDINLATMA VE OTOMASYON S\u0130STEMLER\u0130<\/li>\n<li>BORNOVA BELED\u0130YES\u0130 MUHTEL\u0130F AYDINLATMA VE OTOMASYON S\u0130STEMLER\u0130<\/li>\n<li>BUCA BELED\u0130YES\u0130 MUHTEL\u0130F AYDINLATMA VE OTOMASYON S\u0130STEMLER\u0130<\/li>\n<li>GAZ\u0130EM\u0130R BELED\u0130YES\u0130 MUHTEL\u0130F AYDINLATMA VE OTOMASYON S\u0130STEMLER\u0130<\/li>\n<li>MENEMEN BELED\u0130YES\u0130 MUHTEL\u0130F AYDINLATMA VE OTOMASYON S\u0130STEMLER\u0130<\/li>\n<\/ul>\n<\/div>\n<\/div>\n\n\n\n<div class=\"wp-block-columns is-layout-flex wp-container-core-columns-is-layout-9d6595d7 wp-block-columns-is-layout-flex\">\n<div class=\"wp-block-column is-layout-flow wp-block-column-is-layout-flow\">\n<div class=\"wp-block-columns is-layout-flex wp-container-core-columns-is-layout-9d6595d7 wp-block-columns-is-layout-flex\">\n<div class=\"wp-block-column is-layout-flow wp-block-column-is-layout-flow\" style=\"flex-basis:100%\">\n<p><a href=\"https:\/\/www.ted.com.tr\/index.php\/referans\/\">REFERANS RES\u0130MLER\u0130<\/a><\/p>\n<\/div>\n<\/div>\n<\/div>\n<\/div>\n<\/div>\n<\/div>\n<\/div>\n<\/div>\n<\/div>\n<\/div>\n","protected":false},"excerpt":{"rendered":"<p>\u0130ZKA PORT CEPHE AYDINLATMA \u0130ZKA PARKYA\u015eAM SANTORON\u0130 CEPHE AYDINLATMA \u0130ZKA PARKYA\u015eAM SANTORON\u0130 PEYZAJ AYDINLATMASI \u0130ZKA PARKYA\u015eAM SANTORON\u0130 \u0130\u00c7 HAC\u0130M AYDINLATMASI ALMANYA REYNA PALACE GECE KL\u00dcB\u00dc AYDINLATMASI \u00d6ZG\u00dcR TARIM FABR\u0130KA PEYZAJ AYDINLATMASI DEV\u0130REN \u0130N\u015eAAT B\u0130NA CEPHE AYDINLATMASI \u00c7E\u015eME SERRA HOMMES V\u0130LLALARI CEPHE VE PEYZAJ AYDINLATMASI YAZICIO\u011eLU OTELLER GRUBU CAR\u0130SMA DELUXE OTEL KORUMAR OTEL \u00c7E\u015eME ILICA OTEL &hellip; <\/p>\n<p class=\"link-more\"><a href=\"https:\/\/www.ted.com.tr\/index.php\/hakkimizda\/projeler\/\" class=\"more-link\">Continue reading<span class=\"screen-reader-text\"> &#8220;Projeler&#8221;<\/span><\/a><\/p>\n","protected":false},"author":1,"featured_media":0,"parent":9,"menu_order":0,"comment_status":"closed","ping_status":"closed","template":"","meta":{"footnotes":""},"class_list":["post-81","page","type-page","status-publish","hentry"],"_links":{"self":[{"href":"https:\/\/www.ted.com.tr\/index.php\/wp-json\/wp\/v2\/pages\/81","targetHints":{"allow":["GET"]}}],"collection":[{"href":"https:\/\/www.ted.com.tr\/index.php\/wp-json\/wp\/v2\/pages"}],"about":[{"href":"https:\/\/www.ted.com.tr\/index.php\/wp-json\/wp\/v2\/types\/page"}],"author":[{"embeddable":true,"href":"https:\/\/www.ted.com.tr\/index.php\/wp-json\/wp\/v2\/users\/1"}],"replies":[{"embeddable":true,"href":"https:\/\/www.ted.com.tr\/index.php\/wp-json\/wp\/v2\/comments?post=81"}],"version-history":[{"count":10,"href":"https:\/\/www.ted.com.tr\/index.php\/wp-json\/wp\/v2\/pages\/81\/revisions"}],"predecessor-version":[{"id":746,"href":"https:\/\/www.ted.com.tr\/index.php\/wp-json\/wp\/v2\/pages\/81\/revisions\/746"}],"up":[{"embeddable":true,"href":"https:\/\/www.ted.com.tr\/index.php\/wp-json\/wp\/v2\/pages\/9"}],"wp:attachment":[{"href":"https:\/\/www.ted.com.tr\/index.php\/wp-json\/wp\/v2\/media?parent=81"}],"curies":[{"name":"wp","href":"https:\/\/api.w.org\/{rel}","templated":true}]}}