{"id":241,"date":"2018-11-15T12:26:58","date_gmt":"2018-11-15T09:26:58","guid":{"rendered":"http:\/\/www.ted.com.tr\/?page_id=241"},"modified":"2018-11-15T12:26:58","modified_gmt":"2018-11-15T09:26:58","slug":"ofis","status":"publish","type":"page","link":"https:\/\/www.ted.com.tr\/index.php\/aydinlatma\/ofis\/","title":{"rendered":"Ofis Ayd\u0131nlatma \u00dcr\u00fcnleri"},"content":{"rendered":"<p>Ofis Ayd\u0131nlatma \u00dcr\u00fcnleri<\/p>\n","protected":false},"excerpt":{"rendered":"<p>Ofis Ayd\u0131nlatma \u00dcr\u00fcnleri<\/p>\n","protected":false},"author":1,"featured_media":0,"parent":113,"menu_order":0,"comment_status":"closed","ping_status":"closed","template":"","meta":{"footnotes":""},"class_list":["post-241","page","type-page","status-publish","hentry"],"_links":{"self":[{"href":"https:\/\/www.ted.com.tr\/index.php\/wp-json\/wp\/v2\/pages\/241","targetHints":{"allow":["GET"]}}],"collection":[{"href":"https:\/\/www.ted.com.tr\/index.php\/wp-json\/wp\/v2\/pages"}],"about":[{"href":"https:\/\/www.ted.com.tr\/index.php\/wp-json\/wp\/v2\/types\/page"}],"author":[{"embeddable":true,"href":"https:\/\/www.ted.com.tr\/index.php\/wp-json\/wp\/v2\/users\/1"}],"replies":[{"embeddable":true,"href":"https:\/\/www.ted.com.tr\/index.php\/wp-json\/wp\/v2\/comments?post=241"}],"version-history":[{"count":1,"href":"https:\/\/www.ted.com.tr\/index.php\/wp-json\/wp\/v2\/pages\/241\/revisions"}],"predecessor-version":[{"id":242,"href":"https:\/\/www.ted.com.tr\/index.php\/wp-json\/wp\/v2\/pages\/241\/revisions\/242"}],"up":[{"embeddable":true,"href":"https:\/\/www.ted.com.tr\/index.php\/wp-json\/wp\/v2\/pages\/113"}],"wp:attachment":[{"href":"https:\/\/www.ted.com.tr\/index.php\/wp-json\/wp\/v2\/media?parent=241"}],"curies":[{"name":"wp","href":"https:\/\/api.w.org\/{rel}","templated":true}]}}