{"id":229,"date":"2018-11-15T12:23:50","date_gmt":"2018-11-15T09:23:50","guid":{"rendered":"http:\/\/www.ted.com.tr\/?page_id=229"},"modified":"2018-11-16T12:25:01","modified_gmt":"2018-11-16T09:25:01","slug":"sokak","status":"publish","type":"page","link":"https:\/\/www.ted.com.tr\/index.php\/aydinlatma\/sokak\/","title":{"rendered":"Sokak Ayd\u0131nlatma \u00dcr\u00fcnleri"},"content":{"rendered":"<p>&nbsp;<\/p>\n<p><img loading=\"lazy\" decoding=\"async\" class=\"alignleft size-large wp-image-299\" src=\"http:\/\/www.ted.com.tr\/wp-content\/uploads\/sok-A-1024x772.jpg\" alt=\"\" width=\"525\" height=\"396\" srcset=\"https:\/\/www.ted.com.tr\/wp-content\/uploads\/sok-A-1024x772.jpg 1024w, https:\/\/www.ted.com.tr\/wp-content\/uploads\/sok-A-300x226.jpg 300w, https:\/\/www.ted.com.tr\/wp-content\/uploads\/sok-A-768x579.jpg 768w, https:\/\/www.ted.com.tr\/wp-content\/uploads\/sok-A.jpg 1712w\" sizes=\"auto, (max-width: 525px) 100vw, 525px\" \/><\/p>\n","protected":false},"excerpt":{"rendered":"<p>&nbsp;<\/p>\n","protected":false},"author":1,"featured_media":0,"parent":113,"menu_order":0,"comment_status":"closed","ping_status":"closed","template":"","meta":{"footnotes":""},"class_list":["post-229","page","type-page","status-publish","hentry"],"_links":{"self":[{"href":"https:\/\/www.ted.com.tr\/index.php\/wp-json\/wp\/v2\/pages\/229","targetHints":{"allow":["GET"]}}],"collection":[{"href":"https:\/\/www.ted.com.tr\/index.php\/wp-json\/wp\/v2\/pages"}],"about":[{"href":"https:\/\/www.ted.com.tr\/index.php\/wp-json\/wp\/v2\/types\/page"}],"author":[{"embeddable":true,"href":"https:\/\/www.ted.com.tr\/index.php\/wp-json\/wp\/v2\/users\/1"}],"replies":[{"embeddable":true,"href":"https:\/\/www.ted.com.tr\/index.php\/wp-json\/wp\/v2\/comments?post=229"}],"version-history":[{"count":3,"href":"https:\/\/www.ted.com.tr\/index.php\/wp-json\/wp\/v2\/pages\/229\/revisions"}],"predecessor-version":[{"id":301,"href":"https:\/\/www.ted.com.tr\/index.php\/wp-json\/wp\/v2\/pages\/229\/revisions\/301"}],"up":[{"embeddable":true,"href":"https:\/\/www.ted.com.tr\/index.php\/wp-json\/wp\/v2\/pages\/113"}],"wp:attachment":[{"href":"https:\/\/www.ted.com.tr\/index.php\/wp-json\/wp\/v2\/media?parent=229"}],"curies":[{"name":"wp","href":"https:\/\/api.w.org\/{rel}","templated":true}]}}