{"id":227,"date":"2018-11-15T12:23:19","date_gmt":"2018-11-15T09:23:19","guid":{"rendered":"http:\/\/www.ted.com.tr\/?page_id=227"},"modified":"2018-11-16T12:21:55","modified_gmt":"2018-11-16T09:21:55","slug":"exproof","status":"publish","type":"page","link":"https:\/\/www.ted.com.tr\/index.php\/aydinlatma\/exproof\/","title":{"rendered":"EXPROOF Led Ayd\u0131nlatma \u00dcr\u00fcnleri"},"content":{"rendered":"<p>&nbsp;<\/p>\n<p><img loading=\"lazy\" decoding=\"async\" class=\"alignleft size-large wp-image-297\" src=\"http:\/\/www.ted.com.tr\/wp-content\/uploads\/exp-A-1024x797.jpg\" alt=\"\" width=\"525\" height=\"409\" srcset=\"https:\/\/www.ted.com.tr\/wp-content\/uploads\/exp-A-1024x797.jpg 1024w, https:\/\/www.ted.com.tr\/wp-content\/uploads\/exp-A-300x233.jpg 300w, https:\/\/www.ted.com.tr\/wp-content\/uploads\/exp-A-768x598.jpg 768w, https:\/\/www.ted.com.tr\/wp-content\/uploads\/exp-A.jpg 1694w\" sizes=\"auto, (max-width: 525px) 100vw, 525px\" \/><\/p>\n","protected":false},"excerpt":{"rendered":"<p>&nbsp;<\/p>\n","protected":false},"author":1,"featured_media":0,"parent":113,"menu_order":0,"comment_status":"closed","ping_status":"closed","template":"","meta":{"footnotes":""},"class_list":["post-227","page","type-page","status-publish","hentry"],"_links":{"self":[{"href":"https:\/\/www.ted.com.tr\/index.php\/wp-json\/wp\/v2\/pages\/227","targetHints":{"allow":["GET"]}}],"collection":[{"href":"https:\/\/www.ted.com.tr\/index.php\/wp-json\/wp\/v2\/pages"}],"about":[{"href":"https:\/\/www.ted.com.tr\/index.php\/wp-json\/wp\/v2\/types\/page"}],"author":[{"embeddable":true,"href":"https:\/\/www.ted.com.tr\/index.php\/wp-json\/wp\/v2\/users\/1"}],"replies":[{"embeddable":true,"href":"https:\/\/www.ted.com.tr\/index.php\/wp-json\/wp\/v2\/comments?post=227"}],"version-history":[{"count":5,"href":"https:\/\/www.ted.com.tr\/index.php\/wp-json\/wp\/v2\/pages\/227\/revisions"}],"predecessor-version":[{"id":298,"href":"https:\/\/www.ted.com.tr\/index.php\/wp-json\/wp\/v2\/pages\/227\/revisions\/298"}],"up":[{"embeddable":true,"href":"https:\/\/www.ted.com.tr\/index.php\/wp-json\/wp\/v2\/pages\/113"}],"wp:attachment":[{"href":"https:\/\/www.ted.com.tr\/index.php\/wp-json\/wp\/v2\/media?parent=227"}],"curies":[{"name":"wp","href":"https:\/\/api.w.org\/{rel}","templated":true}]}}