{"id":222,"date":"2018-11-14T16:02:58","date_gmt":"2018-11-14T13:02:58","guid":{"rendered":"http:\/\/www.ted.com.tr\/?page_id=222"},"modified":"2021-07-14T17:47:49","modified_gmt":"2021-07-14T14:47:49","slug":"dosyalar","status":"publish","type":"page","link":"https:\/\/www.ted.com.tr\/index.php\/dosyalar\/","title":{"rendered":"Dosyalar"},"content":{"rendered":"\n<div class=\"wp-block-columns is-layout-flex wp-container-core-columns-is-layout-9d6595d7 wp-block-columns-is-layout-flex\">\n<div class=\"wp-block-column is-layout-flow wp-block-column-is-layout-flow\" style=\"flex-basis:100%\">\n<ul>\n<li><a href=\"https:\/\/www.ted.com.tr\/wp-content\/uploads\/TED-TECH-Katalog-low-1.pdf\">Katalog 2020<\/a><\/li>\n<li><a href=\"http:\/\/www.ted.com.tr\/wp-content\/uploads\/tedtech-katalog_.pdf\">Katalog 2017<\/a><\/li>\n<li>CE Uygunluk Sertifikas\u0131 ( \u0130\u00e7 Ortam \u00dcr\u00fcnler)<\/li>\n<li>CE Uygunluk Sertifikas\u0131 ( D\u0131\u015f Ortam \u00dcr\u00fcnler)<\/li>\n<li>TSE-HYB (TEDTECH markal\u0131 \u00fcr\u00fcnlerin servis bak\u0131m hizmetleri)<\/li>\n<li>TS EN ISO 9001:2008<\/li>\n<li>TS 18001:2007 \u2013 OHSAS 18001<\/li>\n<li>Sokak Armat\u00fcrleri i\u00e7in IP 67 belgelendirmesi<\/li>\n<li>Havuz Armat\u00fcrleri i\u00e7in IP68 belgelendirmesi<\/li>\n<li>TEDTECH Marka Tescil Belgesi<\/li>\n<\/ul>\n<\/div>\n<\/div>\n","protected":false},"excerpt":{"rendered":"<p>Katalog 2020 Katalog 2017 CE Uygunluk Sertifikas\u0131 ( \u0130\u00e7 Ortam \u00dcr\u00fcnler) CE Uygunluk Sertifikas\u0131 ( D\u0131\u015f Ortam \u00dcr\u00fcnler) TSE-HYB (TEDTECH markal\u0131 \u00fcr\u00fcnlerin servis bak\u0131m hizmetleri) TS EN ISO 9001:2008 TS 18001:2007 \u2013 OHSAS 18001 Sokak Armat\u00fcrleri i\u00e7in IP 67 belgelendirmesi Havuz Armat\u00fcrleri i\u00e7in IP68 belgelendirmesi TEDTECH Marka Tescil Belgesi<\/p>\n","protected":false},"author":1,"featured_media":0,"parent":0,"menu_order":0,"comment_status":"closed","ping_status":"closed","template":"","meta":{"footnotes":""},"class_list":["post-222","page","type-page","status-publish","hentry"],"_links":{"self":[{"href":"https:\/\/www.ted.com.tr\/index.php\/wp-json\/wp\/v2\/pages\/222","targetHints":{"allow":["GET"]}}],"collection":[{"href":"https:\/\/www.ted.com.tr\/index.php\/wp-json\/wp\/v2\/pages"}],"about":[{"href":"https:\/\/www.ted.com.tr\/index.php\/wp-json\/wp\/v2\/types\/page"}],"author":[{"embeddable":true,"href":"https:\/\/www.ted.com.tr\/index.php\/wp-json\/wp\/v2\/users\/1"}],"replies":[{"embeddable":true,"href":"https:\/\/www.ted.com.tr\/index.php\/wp-json\/wp\/v2\/comments?post=222"}],"version-history":[{"count":4,"href":"https:\/\/www.ted.com.tr\/index.php\/wp-json\/wp\/v2\/pages\/222\/revisions"}],"predecessor-version":[{"id":750,"href":"https:\/\/www.ted.com.tr\/index.php\/wp-json\/wp\/v2\/pages\/222\/revisions\/750"}],"wp:attachment":[{"href":"https:\/\/www.ted.com.tr\/index.php\/wp-json\/wp\/v2\/media?parent=222"}],"curies":[{"name":"wp","href":"https:\/\/api.w.org\/{rel}","templated":true}]}}